{"id":359,"date":"2023-03-06T17:01:35","date_gmt":"2023-03-06T15:01:35","guid":{"rendered":"https:\/\/www.diedersdorfer-angelverein.de\/?page_id=359"},"modified":"2026-02-02T14:33:24","modified_gmt":"2026-02-02T12:33:24","slug":"vereinsordnung","status":"publish","type":"page","link":"https:\/\/www.diedersdorfer-angelverein.de\/?page_id=359","title":{"rendered":"Vereinsordnung"},"content":{"rendered":"<p style=\"box-sizing: inherit;\">Diedersdorfer Angelverein e.V.<br style=\"box-sizing: inherit;\" \/>Vereinsordnung 2026<\/p>\n<p style=\"box-sizing: inherit; color: #222222; font-family: Verdana, Geneva, 'DejaVu Sans', sans-serif;\">Der Schutz, die Erhaltung, Fortentwicklung und Nutzung der im Wasser lebenden Tier- und Pflanzenwelt und die F\u00f6rderung des Angelsportes sind das zentrale Anliegen unseres Vereins.<br style=\"box-sizing: inherit;\" \/>Der Rahmen f\u00fcr die Aktivit\u00e4ten des Diedersdorfer Angelverein e.V. wird durch das Fischereigesetz des Landes Brandenburg vom 13.05.1993, zuletzt ge\u00e4ndert durch Artikel 3 des Gesetzes vom 15.10.2010 (GVB1.1\/10, [Nr. 28]), der Fischereiordnung vom 14.11.1997 ge\u00e4ndert durch die Verordnung vom 10.09.2009 (GVBI.1I\/09, [Nr. 29], 5.606), den Festlegungen der Pachtvertr\u00e4ge, sowie der Gemeindeordnung Vierlinden bestimmt.<\/p>\n<p style=\"box-sizing: inherit;\">Jedes Mitglied ist verpflichtet, die jeweils g\u00fcltigen, den Fischfang betreffenden gesetzlichen Bestimmungen zu kennen und zu befolgen.<br style=\"box-sizing: inherit;\" \/><br style=\"box-sizing: inherit;\" \/>Bei der Aus\u00fcbung des Angelsportes sind folgende Festlegungen zu beachten:<\/p>\n<ol>\n<li style=\"box-sizing: inherit;\">Das Angeln ist nur mit zwei Angeln gestattet (Eintragungen Tagesangelkarte beachten).<br style=\"box-sizing: inherit;\" \/>\u00a0(2 x Friedfisch oder 1 x Friedfisch, 1 x Raubfisch oder 1 x Spinnangel).<\/li>\n<li style=\"box-sizing: inherit;\">Fangzeitraum Raubfisch- bzw. Spinnangel ( einschlie\u00dflich Nutzung der Senke ) :<br style=\"box-sizing: inherit;\" \/>\u00a0 \u00a0 - Hecht 01. Mai - 31. Dezember<br style=\"box-sizing: inherit;\" \/>\u00a0 \u00a0 - Zander 01. Juni - 31. Dezember<br style=\"box-sizing: inherit;\" \/>\u00a0 \u00a0 Restliche Jahreszeit = Schonzeit<\/li>\n<li style=\"box-sizing: inherit;\">Festgelegte Angelzeit : 0.00 Uhr bis 24.00 Uhr<\/li>\n<li style=\"box-sizing: inherit;\">Es gelten folgende Mindestma\u00dfe :<br style=\"box-sizing: inherit;\" \/>\u00a0 \u00a0 Aal\u00a0 \u00a0 \u00a0 \u00a0 \u00a0 \u00a0 \u00a055 cm<br style=\"box-sizing: inherit;\" \/>\u00a0 \u00a0 Karpfen\u00a0 \u00a0 \u00a045 cm<br style=\"box-sizing: inherit;\" \/>\u00a0 \u00a0 Hecht\u00a0 \u00a0 \u00a0 \u00a0 55 cm<br style=\"box-sizing: inherit;\" \/>\u00a0 \u00a0 Schleie\u00a0 \u00a0 \u00a0 30 cm<br style=\"box-sizing: inherit;\" \/>\u00a0 \u00a0 Zander\u00a0 \u00a0 \u00a0 55 cm<\/li>\n<li style=\"box-sizing: inherit;\">Fangbegrenzung - 2 St\u00fcck ( Aal, Hecht, Zander, Karpfen) je Art und Kalendertag bzw.<br style=\"box-sizing: inherit;\" \/>Zeiteintrag Tagesangelkarte ( 24 h=1 Tag ).<br \/>\nGefangene <strong>Welse<\/strong> sind nicht mehr zur\u00fcckzusetzen.<\/li>\n<li style=\"box-sizing: inherit;\">Als Schutz- und Laichgebiete sind mit Schildern ausgewiesen und nicht zu betreten.<\/li>\n<li style=\"box-sizing: inherit;\">Das Bauen von Stegen und sonstigen Anlagen ( Vorrichtungen ) ist verboten. Naturbelassene Uferrandbefestigung (Faschinierung) ist unter Einhaltung der festen Uferlinie gestattet.<\/li>\n<li style=\"box-sizing: inherit;\">Die Belegung und Reservierung von Angelstellen ist unzul\u00e4ssig.<\/li>\n<li style=\"box-sizing: inherit;\">Zur Durchf\u00fchrung und Einhaltung dieser Ordnung ist jedes Vereinsmitglied berechtigt ein anderes Mitglied bzw. angelnde Personen auf Einhaltung der Vereinsordnung und auf G\u00fcltigkeit der Angelkarte, bzw. Tagesangelkarte zu kontrollieren.<\/li>\n<li style=\"box-sizing: inherit;\">F\u00fcr die G\u00fcltigkeit des Fischereischeines ist jedes Mitglied selbst verantwortlich. Jedes Mitglied und jeder Tagesangelkarteninhaber hat seine Dokumente am Angel gew\u00e4sser mitzuf\u00fchren und sich bei Kontrollen der staatlichen Fischereiaufsicht auszuweisen.<\/li>\n<li style=\"box-sizing: inherit;\">Die Futtermenge wird auf bis zu 5 kg je Kalendertag beschr\u00e4nkt.<\/li>\n<li style=\"box-sizing: inherit;\">Bei Feststellung von Fischsterben ist der Vorsitzende sofort zu benachrichtigen.<\/li>\n<li style=\"box-sizing: inherit;\">Angelegte Feuerstellen sind beim Verlassen des Angelplatzes wieder naturnah herzurichten.<\/li>\n<li style=\"box-sizing: inherit;\">Als Angelplatz gilt die Fl\u00e4che im Umkreis von 4 m um den Stand- bzw. Sitzplatz des Anglers. Der Angler hat den Platz von M\u00fcll und Abf\u00e4llen vor\u00a0 dem Angeln zu s\u00e4ubern. Unterl\u00e4sst er dies, sind die Kontrollpersonen berechtigt, ihm gegen\u00fcber so zu verfahren, als h\u00e4tte er selbst diesen<br style=\"box-sizing: inherit;\" \/>Platz verschmutzt. Zum Erreichen des Angelplatzes sind die angelegten\u00a0 Wege zu benutzen.<\/li>\n<li style=\"box-sizing: inherit;\">Das Angeln von Wasserfahrzeugen und Schwimmk\u00f6rpern jeglicher Art ist nicht gestattet.<\/li>\n<li style=\"box-sizing: inherit;\">Das Benutzen von Futterbooten und Drohnen ist nicht gestattet.<\/li>\n<li style=\"box-sizing: inherit;\">Der Baumbewuchs der Uferzone unserer Angelseen gilt als Wald. F\u00fcr waldtypische Gefahren (umst\u00fcrzende B\u00e4ume, fallende \u00c4ste) wird vom Waldbesitzer keine Haftung \u00fcbernommen (\u00a714 L WaldG).<\/li>\n<li style=\"box-sizing: inherit;\">Auf die Gefahr von einst\u00fcrzenden Fluchtr\u00f6hren der verst\u00e4rkt auftretenden Biber wird hingewiesen.<\/li>\n<\/ol>\n<p style=\"box-sizing: inherit;\">Beschluss Jahreshauptversammlung\u00a0 \u00a0 \u00a0 \u00a0 \u00a0 \u00a0 \u00a0 \u00a0 \u00a0 \u00a0 \u00a0 \u00a0 \u00a0 \u00a0 \u00a0 \u00a0 \u00a0 \u00a0Datum: 25.01.2026<\/p>\n","protected":false},"excerpt":{"rendered":"<p>Diedersdorfer Angelverein e.V.Vereinsordnung 2026 Der Schutz, die Erhaltung, Fortentwicklung und Nutzung der im Wasser lebenden Tier- und Pflanzenwelt und die F\u00f6rderung des Angelsportes sind das zentrale Anliegen unseres Vereins.Der Rahmen f\u00fcr die Aktivit\u00e4ten des Diedersdorfer Angelverein e.V. wird durch das Fischereigesetz des Landes Brandenburg vom 13.05.1993, zuletzt ge\u00e4ndert durch Artikel 3 des Gesetzes vom 15.10.2010 <a href=\"https:\/\/www.diedersdorfer-angelverein.de\/?page_id=359\" class=\"more-link\">...weiterlesen<span class=\"screen-reader-text\"> \"Vereinsordnung\"<\/span><\/a><\/p>\n","protected":false},"author":1,"featured_media":0,"parent":0,"menu_order":0,"comment_status":"closed","ping_status":"closed","template":"","meta":{"footnotes":""},"class_list":["post-359","page","type-page","status-publish","h-entry","hentry","h-as-page"],"_links":{"self":[{"href":"https:\/\/www.diedersdorfer-angelverein.de\/index.php?rest_route=\/wp\/v2\/pages\/359","targetHints":{"allow":["GET"]}}],"collection":[{"href":"https:\/\/www.diedersdorfer-angelverein.de\/index.php?rest_route=\/wp\/v2\/pages"}],"about":[{"href":"https:\/\/www.diedersdorfer-angelverein.de\/index.php?rest_route=\/wp\/v2\/types\/page"}],"author":[{"embeddable":true,"href":"https:\/\/www.diedersdorfer-angelverein.de\/index.php?rest_route=\/wp\/v2\/users\/1"}],"replies":[{"embeddable":true,"href":"https:\/\/www.diedersdorfer-angelverein.de\/index.php?rest_route=%2Fwp%2Fv2%2Fcomments&post=359"}],"version-history":[{"count":21,"href":"https:\/\/www.diedersdorfer-angelverein.de\/index.php?rest_route=\/wp\/v2\/pages\/359\/revisions"}],"predecessor-version":[{"id":454,"href":"https:\/\/www.diedersdorfer-angelverein.de\/index.php?rest_route=\/wp\/v2\/pages\/359\/revisions\/454"}],"wp:attachment":[{"href":"https:\/\/www.diedersdorfer-angelverein.de\/index.php?rest_route=%2Fwp%2Fv2%2Fmedia&parent=359"}],"curies":[{"name":"wp","href":"https:\/\/api.w.org\/{rel}","templated":true}]}}