{"id":331,"date":"2022-10-10T16:19:37","date_gmt":"2022-10-10T14:19:37","guid":{"rendered":"https:\/\/www.diedersdorfer-angelverein.de\/?page_id=331"},"modified":"2024-01-05T01:23:11","modified_gmt":"2024-01-04T23:23:11","slug":"tagesangelkarte","status":"publish","type":"page","link":"https:\/\/www.diedersdorfer-angelverein.de\/?page_id=331","title":{"rendered":"Tagesangelkarte"},"content":{"rendered":"\r\n<p>Tagesangelkarten k\u00f6nnen nur erworben werden, wenn ein ordentliches Mitglied f\u00fcr den Erwerber die B\u00fcrgschaft \u00fcbernimmt. Dieser muss beim Erwerb mit anwesend und im Besitz eines g\u00fcltigen Fischereischeins A sein.<br \/>Die maximale Tagesangelkartenausgabe pro Tag kann durch den Vorstand begrenzt werden.<br \/>F\u00fcr Tage, an denen laut Arbeitsplan vereinsinterne Veranstaltungen stattfinden, werden keine Tagesangelkarten herausgegeben.<br \/>Der g\u00fcltige Fischereischein, bzw. Friedfischkarte mit g\u00fcltiger Fischereiabgabemarke ist vorzulegen.<br \/><br \/>Tagesangelkarten - Fischereischein<br \/>15,00 EURO \/ Tag<br \/>Tagesangelkarten - Friedfisch<br \/>15,00 EURO \/ Tag<br \/>Tagesangelkarten - Kinder<br \/>5,00 EURO \/ Tag<br \/><br \/><strong>Ausgabeorte<\/strong>:<br \/>Trinx Welt<br \/>Frankfurter Stra\u00dfe 30 a<br \/>15306 Seelow<br \/>Ausgabe: w\u00e4hrend der \u00d6ffnungszeiten<\/p>\r\n","protected":false},"excerpt":{"rendered":"<p>Tagesangelkarten k\u00f6nnen nur erworben werden, wenn ein ordentliches Mitglied f\u00fcr den Erwerber die B\u00fcrgschaft \u00fcbernimmt. Dieser muss beim Erwerb mit anwesend und im Besitz eines g\u00fcltigen Fischereischeins A sein.Die maximale Tagesangelkartenausgabe pro Tag kann durch den Vorstand begrenzt werden.F\u00fcr Tage, an denen laut Arbeitsplan vereinsinterne Veranstaltungen stattfinden, werden keine Tagesangelkarten herausgegeben.Der g\u00fcltige Fischereischein, bzw. Friedfischkarte <a href=\"https:\/\/www.diedersdorfer-angelverein.de\/?page_id=331\" class=\"more-link\">...weiterlesen<span class=\"screen-reader-text\"> \"Tagesangelkarte\"<\/span><\/a><\/p>\n","protected":false},"author":1,"featured_media":0,"parent":0,"menu_order":0,"comment_status":"closed","ping_status":"closed","template":"","meta":{"footnotes":""},"class_list":["post-331","page","type-page","status-publish","h-entry","hentry","h-as-page"],"_links":{"self":[{"href":"https:\/\/www.diedersdorfer-angelverein.de\/index.php?rest_route=\/wp\/v2\/pages\/331","targetHints":{"allow":["GET"]}}],"collection":[{"href":"https:\/\/www.diedersdorfer-angelverein.de\/index.php?rest_route=\/wp\/v2\/pages"}],"about":[{"href":"https:\/\/www.diedersdorfer-angelverein.de\/index.php?rest_route=\/wp\/v2\/types\/page"}],"author":[{"embeddable":true,"href":"https:\/\/www.diedersdorfer-angelverein.de\/index.php?rest_route=\/wp\/v2\/users\/1"}],"replies":[{"embeddable":true,"href":"https:\/\/www.diedersdorfer-angelverein.de\/index.php?rest_route=%2Fwp%2Fv2%2Fcomments&post=331"}],"version-history":[{"count":13,"href":"https:\/\/www.diedersdorfer-angelverein.de\/index.php?rest_route=\/wp\/v2\/pages\/331\/revisions"}],"predecessor-version":[{"id":437,"href":"https:\/\/www.diedersdorfer-angelverein.de\/index.php?rest_route=\/wp\/v2\/pages\/331\/revisions\/437"}],"wp:attachment":[{"href":"https:\/\/www.diedersdorfer-angelverein.de\/index.php?rest_route=%2Fwp%2Fv2%2Fmedia&parent=331"}],"curies":[{"name":"wp","href":"https:\/\/api.w.org\/{rel}","templated":true}]}}