{"id":135,"date":"2018-12-14T11:29:55","date_gmt":"2018-12-14T10:29:55","guid":{"rendered":"https:\/\/www.diedersdorfer-angelverein.de:443\/?page_id=135"},"modified":"2023-03-06T15:49:27","modified_gmt":"2023-03-06T13:49:27","slug":"impressum","status":"publish","type":"page","link":"https:\/\/www.diedersdorfer-angelverein.de\/?page_id=135","title":{"rendered":"Impressum"},"content":{"rendered":"\n<p>Angaben gem. \u00a7 5 TMG<\/p>\n\n\n\n<p>Diedersdorfer Angelverein e.V.<br>Diedersdorf 110<br>15306 Vierlinden<br><\/p>\n\n\n\n<p><\/p>\n\n\n\n<p>E-Mail: <a href=\"mailto:vorstand@diedersdorfer-angelverein.de\">vorstand@diedersdorfer-angelverein.de<\/a><br>Telefon: 0171 \/ 933 18 71<br>Vertreten durch:<br>J\u00f6rg Bernd<br><\/p>\n\n\n\n<p>Eingetragen im Vereinsregister:<br>Vereinsregister-Nr VR 355<br>Gericht: Frankfurt \/ Oder<br><\/p>\n\n\n\n<p><\/p>\n\n\n\n<p><a href=\"https:\/\/www.123recht.de\/impressumsgenerator.asp\">Impressum erstellt mit dem Impressumsgenerator von 123recht.de - Rechtsberatung online.<\/a><\/p>\n\n\n\n<h2 class=\"wp-block-heading\">Disclaimer<\/h2>\n\n\n\n<h3 class=\"wp-block-heading\">Haftungsausschluss<\/h3>\n\n\n\n<p>Der Inhalt dieser Webseite wurde mit gr\u00f6\u00dfter Sorgfalt, nach bestem \nWissen und Gewissen erstellt. Als Anbieter dieser Webseite \u00fcbernehmen \nwir keine Haftung f\u00fcr Vollst\u00e4ndigkeit, Richtigkeit, Aktualit\u00e4t oder \nVerl\u00e4sslichkeit der bereitgestellten Inhalte. Wir stellen die Inhalte \nauf der Webseite zum Abruf bereit. F\u00fcr die Brauchbarkeit der Inhalte \n\u00fcbernehmen wir keine Gew\u00e4hr. Inhalte mit namentlich genannten Autoren \nsind die Meinung des Autors, aber nicht zwingend die Meinung des \nAnbieters.<\/p>\n\n\n\n<h3 class=\"wp-block-heading\">Urheberrechte \/ Creative Commons<\/h3>\n\n\n\n<p>Inhalte auf unserer Webseite sind urheberrechtlich gesch\u00fctzt. Eine \nVerwertung unserer Inhalte bedarf unserer ausdr\u00fccklichen vorherigen \nZustimmung. Nichtsdestotrotz kann im Rahmen des Zitatrechts aus unseren \nInhalten zitiert werden, wenn gleichzeitig ein Link auf den \nvollst\u00e4ndigen Text auf unserer Webseite gesetzt und unsere Seite sowie \n(wenn angegeben) der Autor des Textes genannt wird. F\u00fcr den privaten \nGebrauch k\u00f6nnen Kopien von unseren Werken angefertigt werden, z.B. durch\n Ausdruck oder Download auf ein lokales Speichermedium. Eine \nVer\u00f6ffentlichung im Internet ist ausdr\u00fccklich keine private Nutzung.<br>Sofern\n Inhalte auf unserer Webseite freie Inhalte im Sinne der Creative \nCommons sind, sind diese Inhalte entsprechend gekennzeichnet und \nunterliegen der Creative Commons Namensnennung-Weitergabe unter gleichen\n Bedingungen 3.0 Deutschland Lizenz. <a href=\"http:\/\/creativecommons.org\/licenses\/by-sa\/3.0\/de\/\">http:\/\/creativecommons.org\/licenses\/by-sa\/3.0\/de\/<\/a><br>Links auf unsere Webseite und Unterseiten (so genannte Deep Links) sind jederzeit und ohne vorherige Einwilligung m\u00f6glich.<\/p>\n\n\n\n<h3 class=\"wp-block-heading\">Datenschutz und Datensicherheit<\/h3>\n\n\n\n<p>Als Anbieter ist uns die Datensicherheit und der Schutz Ihrer \nPrivatssph\u00e4re sehr wichtig. Allerdings ist diese Webseite und unser \nServer kein Hochsicherheitssystem. Insbesondere durch die Anbindung an \ndas Internet kann nicht gew\u00e4hrleistet werden, dass abgerufene oder uns \ngeschickte Informationen nicht abgefangen oder abgeh\u00f6rt werden.<br>Wir \nspeichern das Nutzerverhalten auf unserer Webseite in anonymisierter \nForm ohne personenbezoge Daten. Die Speicherung dient zur Analyse und \nVerbesserung unser Webseite. Eine Weitergabe von Daten an Dritte, \ninsbesondere zu Werbezwecken, erfolgt nicht.<\/p>\n\n\n\n<h3 class=\"wp-block-heading\">Verantwortung f\u00fcr Links<\/h3>\n\n\n\n<p>Auf der Webseite befinden sich Links zu Internetseiten von Dritten, \nso genannte externe Links. Zum Zeitpunkt der Verlinkung wurde die \njeweilige Webseite auf Vereinbarkeit mit deutschem Recht \u00fcberpr\u00fcft. \nVerst\u00f6\u00dfe gegen geltendes Recht wurden nicht festgestellt. Bei den \nverlinkten Webseiten handelt es sich um Inhalte Dritter, f\u00fcr die wir \nnicht verantwortlich sind, eine regelm\u00e4\u00dfige \u00dcberpr\u00fcfung der verlinkten \nWebseiten auf Rechtm\u00e4\u00dfigkeit k\u00f6nnen wir ausdr\u00fccklich nicht leisten. Wenn\n wir positive Kenntnis von rechtswidrigen Inhalten auf verlinkten \nWebseiten erhalten, werden wir die Links unverz\u00fcglich entfernen.<\/p>\n\n\n\n<h3 class=\"wp-block-heading\">Cookies<\/h3>\n\n\n\n<p>Diese Webseite verwendet Cookies, damit Sie die Seite reibungslos und\n unkompliziert nutzen k\u00f6nnen. Die Cookies dienen lediglich internen \nZwecken: Es handelt sich um so genannte Session-Cookies, die eine \nNutzungs-ID enthalten.<\/p>\n\n\n\n<p><a href=\"https:\/\/www.123recht.de\/muster-haftungsausschluss.asp\">Disclaimer erstellt mit dem Muster Disclaimer von 123recht.de - Rechtsberatung online.<\/a><\/p>\n","protected":false},"excerpt":{"rendered":"<p>Angaben gem. \u00a7 5 TMG Diedersdorfer Angelverein e.V.Diedersdorf 11015306 Vierlinden E-Mail: vorstand@diedersdorfer-angelverein.deTelefon: 0171 \/ 933 18 71Vertreten durch:J\u00f6rg Bernd Eingetragen im Vereinsregister:Vereinsregister-Nr VR 355Gericht: Frankfurt \/ Oder Impressum erstellt mit dem Impressumsgenerator von 123recht.de - Rechtsberatung online. Disclaimer Haftungsausschluss Der Inhalt dieser Webseite wurde mit gr\u00f6\u00dfter Sorgfalt, nach bestem Wissen und Gewissen erstellt. Als Anbieter <a href=\"https:\/\/www.diedersdorfer-angelverein.de\/?page_id=135\" class=\"more-link\">...weiterlesen<span class=\"screen-reader-text\"> \"Impressum\"<\/span><\/a><\/p>\n","protected":false},"author":1,"featured_media":0,"parent":0,"menu_order":0,"comment_status":"closed","ping_status":"closed","template":"","meta":{"footnotes":""},"class_list":["post-135","page","type-page","status-publish","h-entry","hentry","h-as-page"],"_links":{"self":[{"href":"https:\/\/www.diedersdorfer-angelverein.de\/index.php?rest_route=\/wp\/v2\/pages\/135","targetHints":{"allow":["GET"]}}],"collection":[{"href":"https:\/\/www.diedersdorfer-angelverein.de\/index.php?rest_route=\/wp\/v2\/pages"}],"about":[{"href":"https:\/\/www.diedersdorfer-angelverein.de\/index.php?rest_route=\/wp\/v2\/types\/page"}],"author":[{"embeddable":true,"href":"https:\/\/www.diedersdorfer-angelverein.de\/index.php?rest_route=\/wp\/v2\/users\/1"}],"replies":[{"embeddable":true,"href":"https:\/\/www.diedersdorfer-angelverein.de\/index.php?rest_route=%2Fwp%2Fv2%2Fcomments&post=135"}],"version-history":[{"count":10,"href":"https:\/\/www.diedersdorfer-angelverein.de\/index.php?rest_route=\/wp\/v2\/pages\/135\/revisions"}],"predecessor-version":[{"id":357,"href":"https:\/\/www.diedersdorfer-angelverein.de\/index.php?rest_route=\/wp\/v2\/pages\/135\/revisions\/357"}],"wp:attachment":[{"href":"https:\/\/www.diedersdorfer-angelverein.de\/index.php?rest_route=%2Fwp%2Fv2%2Fmedia&parent=135"}],"curies":[{"name":"wp","href":"https:\/\/api.w.org\/{rel}","templated":true}]}}